{"id":4595,"date":"2025-12-02T13:43:59","date_gmt":"2025-12-02T12:43:59","guid":{"rendered":"https:\/\/www.bfv.cloud\/ajedrezeuropa\/?page_id=4595"},"modified":"2025-12-09T11:52:40","modified_gmt":"2025-12-09T10:52:40","slug":"sobre-nosotros","status":"publish","type":"page","link":"https:\/\/www.bfv.cloud\/ajedrezeuropa\/sobre-nosotros\/","title":{"rendered":"Sobre nosotros"},"content":{"rendered":"\t\t<div data-elementor-type=\"wp-page\" data-elementor-id=\"4595\" class=\"elementor elementor-4595\" data-elementor-post-type=\"page\">\n\t\t\t\t<div class=\"elementor-element elementor-element-a4e67a8 e-flex e-con-boxed e-con e-parent\" data-id=\"a4e67a8\" data-element_type=\"container\">\n\t\t\t\t\t<div class=\"e-con-inner\">\n\t\t<div class=\"elementor-element elementor-element-81918b9 e-con-full e-flex e-con e-child\" data-id=\"81918b9\" data-element_type=\"container\">\n\t\t\t\t<div class=\"elementor-element elementor-element-1c2aacf elementor-widget elementor-widget-heading\" data-id=\"1c2aacf\" data-element_type=\"widget\" data-widget_type=\"heading.default\">\n\t\t\t\t\t<h1 class=\"elementor-heading-title elementor-size-default\">Sobre nosotros<\/h1>\t\t\t\t<\/div>\n\t\t\t\t<div class=\"elementor-element elementor-element-74b7c9c elementor-widget elementor-widget-text-editor\" data-id=\"74b7c9c\" data-element_type=\"widget\" data-widget_type=\"text-editor.default\">\n\t\t\t\t\t\t\t\t\t<p class=\"p1\">El proyecto Nuestro Ajedrez en Europa nace en el a\u00f1o 2007 de la colaboraci\u00f3n entre las escuelas deportivas de ajedrez de Alc\u00e1zar de San Juan y Villafranca de los Caballeros con los ayuntamientos de ambas poblaciones castellano manchegas. En el curso 2016\/2017 se implanta en todos los colegios p\u00fablicos de la ciudad toledana de Illescas, naciendo as\u00ed uno de los proyectos de ajedrez educativo m\u00e1s importantes del mundo, premiado en 2024 con la Medalla de Plata al ajedrez en la Educaci\u00f3n por la CHESS IN EDUCATION COMISSION FIDE en los primeros premios internacionales convocados para destacar los mejores trabajos para integrar el ajedrez en las aulas.<\/p>\t\t\t\t\t\t\t\t<\/div>\n\t\t\t\t<\/div>\n\t\t<div class=\"elementor-element elementor-element-572c891 e-con-full e-flex e-con e-child\" data-id=\"572c891\" data-element_type=\"container\">\n\t\t\t\t<div class=\"elementor-element elementor-element-687f0a7 elementor-widget elementor-widget-image\" data-id=\"687f0a7\" data-element_type=\"widget\" data-widget_type=\"image.default\">\n\t\t\t\t\t\t\t\t\t\t\t\t\t\t\t<img fetchpriority=\"high\" decoding=\"async\" width=\"1920\" height=\"1280\" src=\"https:\/\/www.bfv.cloud\/ajedrezeuropa\/wp-content\/uploads\/2025\/12\/serious-businessman-playing-chess-and-thinking-ove-WFQ2J53.jpg\" class=\"attachment-full size-full wp-image-4530\" alt=\"\" srcset=\"https:\/\/www.bfv.cloud\/ajedrezeuropa\/wp-content\/uploads\/2025\/12\/serious-businessman-playing-chess-and-thinking-ove-WFQ2J53.jpg 1920w, https:\/\/www.bfv.cloud\/ajedrezeuropa\/wp-content\/uploads\/2025\/12\/serious-businessman-playing-chess-and-thinking-ove-WFQ2J53-300x200.jpg 300w, https:\/\/www.bfv.cloud\/ajedrezeuropa\/wp-content\/uploads\/2025\/12\/serious-businessman-playing-chess-and-thinking-ove-WFQ2J53-1024x683.jpg 1024w, https:\/\/www.bfv.cloud\/ajedrezeuropa\/wp-content\/uploads\/2025\/12\/serious-businessman-playing-chess-and-thinking-ove-WFQ2J53-768x512.jpg 768w, https:\/\/www.bfv.cloud\/ajedrezeuropa\/wp-content\/uploads\/2025\/12\/serious-businessman-playing-chess-and-thinking-ove-WFQ2J53-1536x1024.jpg 1536w\" sizes=\"(max-width: 1920px) 100vw, 1920px\" \/>\t\t\t\t\t\t\t\t\t\t\t\t\t\t\t<\/div>\n\t\t\t\t<\/div>\n\t\t\t\t\t<\/div>\n\t\t\t\t<\/div>\n\t\t<div class=\"elementor-element elementor-element-56374a5 e-flex e-con-boxed e-con e-parent\" data-id=\"56374a5\" data-element_type=\"container\">\n\t\t\t\t\t<div class=\"e-con-inner\">\n\t\t<div class=\"elementor-element elementor-element-432d184 e-con-full e-flex e-con e-child\" data-id=\"432d184\" data-element_type=\"container\">\n\t\t\t\t<div class=\"elementor-element elementor-element-eada47e elementor-widget elementor-widget-image\" data-id=\"eada47e\" data-element_type=\"widget\" data-widget_type=\"image.default\">\n\t\t\t\t\t\t\t\t\t\t\t\t\t\t\t<img decoding=\"async\" width=\"800\" height=\"534\" src=\"https:\/\/www.bfv.cloud\/ajedrezeuropa\/wp-content\/uploads\/2025\/12\/cropped-image-of-businessman-playing-chess-FYEWQQ9-1024x683.jpg\" class=\"attachment-large size-large wp-image-4531\" alt=\"\" srcset=\"https:\/\/www.bfv.cloud\/ajedrezeuropa\/wp-content\/uploads\/2025\/12\/cropped-image-of-businessman-playing-chess-FYEWQQ9-1024x683.jpg 1024w, https:\/\/www.bfv.cloud\/ajedrezeuropa\/wp-content\/uploads\/2025\/12\/cropped-image-of-businessman-playing-chess-FYEWQQ9-300x200.jpg 300w, https:\/\/www.bfv.cloud\/ajedrezeuropa\/wp-content\/uploads\/2025\/12\/cropped-image-of-businessman-playing-chess-FYEWQQ9-768x512.jpg 768w, https:\/\/www.bfv.cloud\/ajedrezeuropa\/wp-content\/uploads\/2025\/12\/cropped-image-of-businessman-playing-chess-FYEWQQ9-1536x1024.jpg 1536w, https:\/\/www.bfv.cloud\/ajedrezeuropa\/wp-content\/uploads\/2025\/12\/cropped-image-of-businessman-playing-chess-FYEWQQ9.jpg 1920w\" sizes=\"(max-width: 800px) 100vw, 800px\" \/>\t\t\t\t\t\t\t\t\t\t\t\t\t\t\t<\/div>\n\t\t\t\t<\/div>\n\t\t<div class=\"elementor-element elementor-element-d9b4259 e-con-full e-flex e-con e-child\" data-id=\"d9b4259\" data-element_type=\"container\">\n\t\t\t\t<div class=\"elementor-element elementor-element-9d42487 elementor-widget elementor-widget-text-editor\" data-id=\"9d42487\" data-element_type=\"widget\" data-widget_type=\"text-editor.default\">\n\t\t\t\t\t\t\t\t\t<p class=\"p1\">Nuestro Ajedrez en Europa desarrolla dos proyectos paralelos y complementarios. Por un lado, \u201cEL AJEDREZ EN LA ESCUELA, UNA ESTRATEGIA EDUCATIVA\u201d, que introduce el juego como una herramienta transversal dentro de la educaci\u00f3n en horario lectivo, con su implementaci\u00f3n para favorecer el aprendizaje de los contenidos de las materias curriculares y favorecer el h\u00e1bito de la reflexi\u00f3n y la concentraci\u00f3n en el alumnado. Por otra parte, y ya dentro del \u00e1mbito deportivo, \u201cNUESTRO AJEDREZ EN EUROPA\u201d trabaja desde las escuelas deportivas con la introducci\u00f3n del deporte mental como un eje importante del bienestar personal y de la integraci\u00f3n social. En este terreno, el objetivo principal es crear una afici\u00f3n duradera para todas aquellas personas, de cualquier edad, sexo y condici\u00f3n social o cultural, que se acerquen a conocer el mundo del ajedrez. Posteriormente, se culminar\u00e1 el proceso con el conocimiento de la competici\u00f3n, desde los torneos escolares a los campeonatos nacionales e internacionales de mayor exigencia.<\/p>\t\t\t\t\t\t\t\t<\/div>\n\t\t\t\t<\/div>\n\t\t\t\t\t<\/div>\n\t\t\t\t<\/div>\n\t\t<div class=\"elementor-element elementor-element-db9a9c2 e-flex e-con-boxed e-con e-parent\" data-id=\"db9a9c2\" data-element_type=\"container\">\n\t\t\t\t\t<div class=\"e-con-inner\">\n\t\t<div class=\"elementor-element elementor-element-89e3c33 e-con-full e-flex e-con e-child\" data-id=\"89e3c33\" data-element_type=\"container\">\n\t\t\t\t<div class=\"elementor-element elementor-element-d8687b1 elementor-widget elementor-widget-text-editor\" data-id=\"d8687b1\" data-element_type=\"widget\" data-widget_type=\"text-editor.default\">\n\t\t\t\t\t\t\t\t\t<p class=\"p1\">Adem\u00e1s, desde \u201cEL AJEDREZ EN LA ESCUELA, UNA ESTRATEGIA EDUCATIVA\u201d, se est\u00e1 trabajando con los grupos de alumnado con necesidades especiales dentro del horario lectivo. En la actualidad, m\u00e1s de 23 ni\u00f1os y ni\u00f1as escolarizados en Illescas reciben una sesi\u00f3n semanal de ajedrez transversal para favorecer aspectos como la socializaci\u00f3n, la atenci\u00f3n o la adquisici\u00f3n de h\u00e1bitos rutinarios dentro de un contexto de alfabetizaci\u00f3n en ajedrez.<\/p>\t\t\t\t\t\t\t\t<\/div>\n\t\t\t\t<\/div>\n\t\t<div class=\"elementor-element elementor-element-392106d e-con-full e-flex e-con e-child\" data-id=\"392106d\" data-element_type=\"container\">\n\t\t\t\t<div class=\"elementor-element elementor-element-44e06d4 elementor-widget elementor-widget-image\" data-id=\"44e06d4\" data-element_type=\"widget\" data-widget_type=\"image.default\">\n\t\t\t\t\t\t\t\t\t\t\t\t\t\t\t<img decoding=\"async\" width=\"800\" height=\"534\" src=\"https:\/\/www.bfv.cloud\/ajedrezeuropa\/wp-content\/uploads\/2025\/12\/hand-of-businessman-playing-chess-4VCQF7V-1024x683.jpg\" class=\"attachment-large size-large wp-image-4532\" alt=\"\" srcset=\"https:\/\/www.bfv.cloud\/ajedrezeuropa\/wp-content\/uploads\/2025\/12\/hand-of-businessman-playing-chess-4VCQF7V-1024x683.jpg 1024w, https:\/\/www.bfv.cloud\/ajedrezeuropa\/wp-content\/uploads\/2025\/12\/hand-of-businessman-playing-chess-4VCQF7V-300x200.jpg 300w, https:\/\/www.bfv.cloud\/ajedrezeuropa\/wp-content\/uploads\/2025\/12\/hand-of-businessman-playing-chess-4VCQF7V-768x512.jpg 768w, https:\/\/www.bfv.cloud\/ajedrezeuropa\/wp-content\/uploads\/2025\/12\/hand-of-businessman-playing-chess-4VCQF7V-1536x1024.jpg 1536w, https:\/\/www.bfv.cloud\/ajedrezeuropa\/wp-content\/uploads\/2025\/12\/hand-of-businessman-playing-chess-4VCQF7V.jpg 1920w\" sizes=\"(max-width: 800px) 100vw, 800px\" \/>\t\t\t\t\t\t\t\t\t\t\t\t\t\t\t<\/div>\n\t\t\t\t<\/div>\n\t\t\t\t\t<\/div>\n\t\t\t\t<\/div>\n\t\t\t\t<\/div>\n\t\t","protected":false},"excerpt":{"rendered":"<p>Sobre nosotros El proyecto Nuestro Ajedrez en Europa nace en el a\u00f1o 2007 de la colaboraci\u00f3n entre las escuelas deportivas de ajedrez de Alc\u00e1zar de San Juan y Villafranca de los Caballeros con los ayuntamientos de ambas poblaciones castellano manchegas. En el curso 2016\/2017 se implanta en todos los colegios p\u00fablicos de la ciudad toledana [&hellip;]<\/p>\n","protected":false},"author":1,"featured_media":0,"parent":0,"menu_order":0,"comment_status":"closed","ping_status":"closed","template":"","meta":{"footnotes":""},"class_list":["post-4595","page","type-page","status-publish","hentry"],"_links":{"self":[{"href":"https:\/\/www.bfv.cloud\/ajedrezeuropa\/wp-json\/wp\/v2\/pages\/4595","targetHints":{"allow":["GET"]}}],"collection":[{"href":"https:\/\/www.bfv.cloud\/ajedrezeuropa\/wp-json\/wp\/v2\/pages"}],"about":[{"href":"https:\/\/www.bfv.cloud\/ajedrezeuropa\/wp-json\/wp\/v2\/types\/page"}],"author":[{"embeddable":true,"href":"https:\/\/www.bfv.cloud\/ajedrezeuropa\/wp-json\/wp\/v2\/users\/1"}],"replies":[{"embeddable":true,"href":"https:\/\/www.bfv.cloud\/ajedrezeuropa\/wp-json\/wp\/v2\/comments?post=4595"}],"version-history":[{"count":7,"href":"https:\/\/www.bfv.cloud\/ajedrezeuropa\/wp-json\/wp\/v2\/pages\/4595\/revisions"}],"predecessor-version":[{"id":4677,"href":"https:\/\/www.bfv.cloud\/ajedrezeuropa\/wp-json\/wp\/v2\/pages\/4595\/revisions\/4677"}],"wp:attachment":[{"href":"https:\/\/www.bfv.cloud\/ajedrezeuropa\/wp-json\/wp\/v2\/media?parent=4595"}],"curies":[{"name":"wp","href":"https:\/\/api.w.org\/{rel}","templated":true}]}}